{"id":9,"date":"2014-04-25T16:25:58","date_gmt":"2014-04-25T13:25:58","guid":{"rendered":"http:\/\/www.senkayadekorasyon.com\/?page_id=9"},"modified":"2022-09-29T16:07:55","modified_gmt":"2022-09-29T13:07:55","slug":"hakkimizda","status":"publish","type":"page","link":"http:\/\/www.senkayadekorasyon.com\/?page_id=9","title":{"rendered":"HAKKIMIZDA"},"content":{"rendered":"\n<h1 class=\"wp-block-heading\">Hakk\u0131m\u0131zda<\/h1>\n\n\n\n<p>\u00c7eyrek as\u0131ra yak\u0131n mobilya sekt\u00f6r\u00fc ge\u00e7mi\u015fi olan ve mobilya sekt\u00f6r\u00fcn\u00fcn \u00e7ekirde\u011finden gelen yap\u0131s\u0131yla kendini geli\u015ftiren Alyans Mobilya her ge\u00e7en g\u00fcn m\u00fc\u015fterileri ile birlikte b\u00fcy\u00fcmeye devam ediyor.<\/p>\n\n\n\n<p>Mobilyada estetik bak\u0131\u015f ve do\u011fal g\u00fczelli\u011fi bir arada sunan Alyans Mobilya ilk \u00fcretti\u011fi mobilyas\u0131ndan g\u00fcn\u00fcm\u00fcze kadar hi\u00e7bir mobilyas\u0131nda kaliteden taviz vermeyen bir \u00e7al\u0131\u015fma politikas\u0131 izlemi\u015ftir.<\/p>\n\n\n\n<p>\u00c7al\u0131\u015fanlar\u0131 ve m\u00fc\u015fterileri ile her g\u00fcn b\u00fcy\u00fcyen Alyans ailesine sizide bekliyoruz.<\/p>\n\n\n\n<h3 class=\"wp-block-heading\"><strong>KAL\u0130TE POL\u0130T\u0130KASI<\/strong><\/h3>\n\n\n\n<h3 class=\"wp-block-heading\"><strong>Mobilya kalitesinden taviz vermeden estetik dokunu\u015flar ile \u00f6zel tasar\u0131m mobilyalar\u0131 Alyans mobilya\u2019y\u0131 tercih eden de\u011ferli&nbsp;<\/strong><strong>m\u00fc\u015fterilerimizin hizmetine sunuyoruz. Her satt\u0131\u011f\u0131m\u0131z mobilyaya ilk \u00fcretimimiz gibi \u00f6zen g\u00f6steriyor ve ilk satt\u0131\u011f\u0131m\u0131z mobilyaya sanki bug\u00fcn satm\u0131\u015f gibi destek sa\u011fl\u0131yoruz. Bizi tercih eden her m\u00fc\u015fterimizi Alyans Mobilya ailesinin bir \u00fcyesi olarak g\u00f6r\u00fcyor ve sat\u0131\u015f sonras\u0131 hizmetler ekibimiz ile her zaman hizmet sunmaya devam ediyoruz.<\/strong><\/h3>\n\n\n\n<h3 class=\"wp-block-heading\"><strong>V\u0130ZYON &amp; M\u0130SYON<\/strong><\/h3>\n\n\n\n<p>T\u00fcrkiye\u2019nin mobilya tasar\u0131m\u0131nda farkl\u0131l\u0131k yaratan mobilya firmalar\u0131 aras\u0131nda olarak b\u00fcy\u00fcmek. B\u00fcy\u00fcrken kaliteden taviz vermeden, estetik dokunu\u015flardan taviz vermeden en g\u00fczel, en estetik, en ergonomik, en kaliteli, en ihti\u015faml\u0131 ve en sade mobilya se\u00e7eneklerini her ge\u00e7en g\u00fcn artan bir kalite ve \u00f6zveri ile sunuyor olmak vizyonumuzun ana yap\u0131 ta\u015f\u0131n\u0131 olu\u015fturmaktad\u0131r.<\/p>\n\n\n\n<p>T\u00fcm \u00e7al\u0131\u015fan ve m\u00fc\u015fterilerimiz ile b\u00fcy\u00fcyen Alyans Mobilya ailesinin aile i\u00e7i g\u00fcveninin her zaman var oldu\u011fu ve her zaman tarat\u0131c\u0131 mobilya modelleri ile mobilya sekt\u00f6r\u00fcne de\u011fer katan hedefleri kendimize vizyon olarak tercih ediyoruz.<\/p>\n\n\n\n<p>\u015eENKAYA dekorasyon mobilya ve imalat\u0131 paz. san. ve ti\u00e7. ltd. \u015fti <\/p>\n\n\n\n<p><br><br><\/p>\n","protected":false},"excerpt":{"rendered":"<p>Hakk\u0131m\u0131zda \u00c7eyrek as\u0131ra yak\u0131n mobilya sekt\u00f6r\u00fc ge\u00e7mi\u015fi olan ve mobilya sekt\u00f6r\u00fcn\u00fcn \u00e7ekirde\u011finden gelen yap\u0131s\u0131yla kendini geli\u015ftiren Alyans Mobilya her ge\u00e7en g\u00fcn m\u00fc\u015fterileri ile birlikte b\u00fcy\u00fcmeye devam ediyor. Mobilyada estetik bak\u0131\u015f ve do\u011fal g\u00fczelli\u011fi bir arada sunan Alyans Mobilya ilk \u00fcretti\u011fi mobilyas\u0131ndan g\u00fcn\u00fcm\u00fcze kadar hi\u00e7bir mobilyas\u0131nda kaliteden taviz vermeyen bir \u00e7al\u0131\u015fma politikas\u0131 izlemi\u015ftir. \u00c7al\u0131\u015fanlar\u0131 ve m\u00fc\u015fterileri ile her g\u00fcn b\u00fcy\u00fcyen Alyans ailesine sizide bekliyoruz. KAL\u0130TE POL\u0130T\u0130KASI Mobilya kalitesinden taviz vermeden estetik dokunu\u015flar ile \u00f6zel tasar\u0131m mobilyalar\u0131 Alyans mobilya\u2019y\u0131 tercih eden de\u011ferli&nbsp;m\u00fc\u015fterilerimizin hizmetine sunuyoruz. Her satt\u0131\u011f\u0131m\u0131z mobilyaya ilk \u00fcretimimiz gibi \u00f6zen g\u00f6steriyor ve ilk satt\u0131\u011f\u0131m\u0131z mobilyaya sanki bug\u00fcn satm\u0131\u015f gibi destek sa\u011fl\u0131yoruz. Bizi tercih eden her m\u00fc\u015fterimizi Alyans Mobilya ailesinin bir \u00fcyesi olarak g\u00f6r\u00fcyor ve sat\u0131\u015f sonras\u0131 hizmetler ekibimiz ile her zaman hizmet sunmaya devam ediyoruz. V\u0130ZYON &amp; M\u0130SYON T\u00fcrkiye\u2019nin mobilya tasar\u0131m\u0131nda farkl\u0131l\u0131k yaratan mobilya firmalar\u0131 aras\u0131nda olarak b\u00fcy\u00fcmek. B\u00fcy\u00fcrken kaliteden taviz vermeden, estetik dokunu\u015flardan taviz vermeden en g\u00fczel, en estetik, en ergonomik, en kaliteli, en ihti\u015faml\u0131 ve en sade mobilya se\u00e7eneklerini her ge\u00e7en g\u00fcn artan bir kalite ve \u00f6zveri ile sunuyor olmak vizyonumuzun ana yap\u0131 ta\u015f\u0131n\u0131 olu\u015fturmaktad\u0131r. T\u00fcm \u00e7al\u0131\u015fan ve m\u00fc\u015fterilerimiz ile b\u00fcy\u00fcyen Alyans Mobilya ailesinin aile i\u00e7i g\u00fcveninin her zaman var oldu\u011fu ve her zaman tarat\u0131c\u0131 mobilya modelleri ile mobilya sekt\u00f6r\u00fcne de\u011fer katan hedefleri kendimize vizyon olarak tercih ediyoruz. \u015eENKAYA dekorasyon mobilya ve imalat\u0131 paz. san. ve ti\u00e7. ltd. \u015fti<\/p>\n","protected":false},"author":1,"featured_media":0,"parent":0,"menu_order":5,"comment_status":"open","ping_status":"closed","template":"","meta":[],"_links":{"self":[{"href":"http:\/\/www.senkayadekorasyon.com\/index.php?rest_route=\/wp\/v2\/pages\/9"}],"collection":[{"href":"http:\/\/www.senkayadekorasyon.com\/index.php?rest_route=\/wp\/v2\/pages"}],"about":[{"href":"http:\/\/www.senkayadekorasyon.com\/index.php?rest_route=\/wp\/v2\/types\/page"}],"author":[{"embeddable":true,"href":"http:\/\/www.senkayadekorasyon.com\/index.php?rest_route=\/wp\/v2\/users\/1"}],"replies":[{"embeddable":true,"href":"http:\/\/www.senkayadekorasyon.com\/index.php?rest_route=%2Fwp%2Fv2%2Fcomments&post=9"}],"version-history":[{"count":4,"href":"http:\/\/www.senkayadekorasyon.com\/index.php?rest_route=\/wp\/v2\/pages\/9\/revisions"}],"predecessor-version":[{"id":2517,"href":"http:\/\/www.senkayadekorasyon.com\/index.php?rest_route=\/wp\/v2\/pages\/9\/revisions\/2517"}],"wp:attachment":[{"href":"http:\/\/www.senkayadekorasyon.com\/index.php?rest_route=%2Fwp%2Fv2%2Fmedia&parent=9"}],"curies":[{"name":"wp","href":"https:\/\/api.w.org\/{rel}","templated":true}]}}